{"id":1905,"date":"2023-09-29T14:09:09","date_gmt":"2023-09-29T12:09:09","guid":{"rendered":"https:\/\/organ-impro.poush-dev.be\/cgv\/"},"modified":"2023-09-29T14:18:30","modified_gmt":"2023-09-29T12:18:30","slug":"gsc","status":"publish","type":"page","link":"https:\/\/www.organ-impro.com\/en\/gsc\/","title":{"rendered":"GSC"},"content":{"rendered":"<p>[et_pb_section fb_built=&#8221;1&#8243; _builder_version=&#8221;4.21.2&#8243; _module_preset=&#8221;default&#8221; global_colors_info=&#8221;{}&#8221;][et_pb_row _builder_version=&#8221;4.21.2&#8243; _module_preset=&#8221;default&#8221; global_colors_info=&#8221;{}&#8221;][et_pb_column type=&#8221;4_4&#8243; _builder_version=&#8221;4.21.2&#8243; _module_preset=&#8221;default&#8221; global_colors_info=&#8221;{}&#8221;][et_pb_text _builder_version=&#8221;4.21.2&#8243; _module_preset=&#8221;default&#8221; global_colors_info=&#8221;{}&#8221;]<\/p>\n<h1>General Sales Conditions (GSC) for Online Training Courses<\/h1>\n<p><em>Date of last update: 15\/09\/2023<\/em><\/p>\n<ol>\n<li><strong>Introduction<\/strong><\/li>\n<\/ol>\n<p style=\"padding-left: 40px;\">These General Terms and Conditions of Sale (hereinafter referred to as &#8220;GTCS&#8221;) govern the contractual relationship between ORGAN-IMPRO (hereinafter referred to as &#8220;we&#8221; or &#8220;us&#8221;) and any person (hereinafter referred to as &#8220;the Customer&#8221; or &#8220;you&#8221;) wishing to purchase our online training courses (hereinafter referred to as &#8220;the Courses&#8221;). By making a purchase on our website, you accept these Terms and Conditions without reservation.<\/p>\n<ol start=\"2\">\n<li><strong>Orders and Payment<\/strong><\/li>\n<\/ol>\n<p style=\"padding-left: 40px;\">2.1. <strong>Ordering: <\/strong>To purchase a Training, you must follow the order process on our website and provide all the required information. By placing an order, you confirm the accuracy of all information provided.<\/p>\n<p style=\"padding-left: 40px;\">2.2. <strong>Price and Payment:<\/strong> Prices for Training courses are shown on our website. The site uses the STRIPE payment solution, which works with Visa cards. Once payment has been made, a confirmation e-mail is sent to you, followed by an invoice. Training courses are non-refundable. Training courses are available after full payment and order confirmation. The price of our training courses includes VAT.<\/p>\n<p><strong>3. Access to training courses<\/strong><\/p>\n<p style=\"padding-left: 40px;\">3.1.<strong> Access:<\/strong> Once you have purchased a Training course, you will be granted personal, confidential and non-transferable access to it for the period indicated on our website. These videos are only viewable online and cannot be downloaded.<\/p>\n<p style=\"padding-left: 40px;\">3.2. <strong>Use:<\/strong> You agree to use the Formations for personal purposes only. Any use for commercial purposes or redistribution, even partial, is strictly forbidden.<\/p>\n<p><strong>4. Invoice problems<\/strong><\/p>\n<p style=\"padding-left: 40px;\">4.1 <strong>You must send us your complaint in writing:<\/strong> You have 10 days from receipt of the invoice to send us your complaint. If you have not sent us a complaint, the invoice is deemed to have been accepted. We prefer to resolve any difficulties through dialogue.<\/p>\n<p style=\"padding-left: 40px;\">4.2 Training courses are non-refundable.\u00a0\u00a0<\/p>\n<p><strong>5. Intellectual property rights<\/strong><\/p>\n<p style=\"padding-left: 40px;\">5.1.<strong> Copyright<\/strong>: All contents of the Formations, including texts, videos, images, and other elements, are protected by copyright laws. You agree not to copy, share, or redistribute these contents without our written permission.<\/p>\n<p><strong>6. Limitation of liability<\/strong><\/p>\n<p style=\"padding-left: 40px;\">6.1. <strong>Content and Warranties<\/strong>: We do our best to provide quality Trainings, but we do not warrant their accuracy or completeness. You use the Formations at your own risk.<\/p>\n<p style=\"padding-left: 40px;\">6.2. <strong>Liability:<\/strong> Our liability is limited to the amount you have paid for the Training. In no event will we be liable for any indirect, consequential or special damages.<\/p>\n<p><strong>7. Modification of T&amp;Cs<\/strong><\/p>\n<p style=\"padding-left: 40px;\">We reserve the right to modify these terms and conditions at any time. Amendments will be published on our website and will take effect immediately.<\/p>\n<p><strong>8. Applicable Law and Jurisdiction<\/strong><\/p>\n<p style=\"padding-left: 40px;\">Please contact us and express your point of view in writing via our contact form on our website. We prefer dialogue to resolve any difficulties. If dialogue does not lead to a solution, only the court of Marche-en-Famenne is competent to resolve the dispute. Your purchase is subject to Belgian law.<\/p>\n<p>[\/et_pb_text][\/et_pb_column][\/et_pb_row][\/et_pb_section]<\/p>\n","protected":false},"excerpt":{"rendered":"<p>General Sales Conditions (GSC) for Online Training Courses Date of last update: 15\/09\/2023 Introduction These General Terms and Conditions of Sale (hereinafter referred to as &#8220;GTCS&#8221;) govern the contractual relationship between ORGAN-IMPRO (hereinafter referred to as &#8220;we&#8221; or &#8220;us&#8221;) and any person (hereinafter referred to as &#8220;the Customer&#8221; or &#8220;you&#8221;) wishing to purchase our online training courses (hereinafter referred to as &#8220;the Courses&#8221;). By making a purchase on our website, you accept these Terms and Conditions without reservation. Orders and Payment 2.1. Ordering: To purchase a Training, you must follow the order process on our website and provide all the required information. By placing an order, you confirm the accuracy of all information provided. 2.2. Price and Payment: Prices for Training courses are shown on our website. The site uses the STRIPE payment solution, which works with Visa cards. Once payment has been made, a confirmation e-mail is sent to you, followed by an invoice. Training courses are non-refundable. Training courses are available after full payment and order confirmation. The price of our training courses includes VAT. 3. Access to training courses 3.1. Access: Once you have purchased a Training course, you will be granted personal, confidential and non-transferable access [&hellip;]<\/p>\n","protected":false},"author":1,"featured_media":0,"parent":0,"menu_order":200,"comment_status":"closed","ping_status":"closed","template":"","meta":{"_et_pb_use_builder":"on","_et_pb_old_content":"<h1>Conditions G\u00e9n\u00e9rales de Vente (CGV) pour les Formations en Ligne<\/h1><p><em>Date de la derni\u00e8re mise \u00e0 jour : 15\/09\/2023<\/em><\/p><ol><li><strong> Introduction<\/strong><\/li><\/ol><p style=\"padding-left: 40px;\">Les pr\u00e9sentes Conditions G\u00e9n\u00e9rales de Vente (ci-apr\u00e8s \"CGV\") r\u00e9gissent les relations contractuelles entre ORGAN-IMPRO (ci-apr\u00e8s \"nous\" ou \"notre\") et toute personne (ci-apr\u00e8s \"le Client\" ou \"vous\") souhaitant acheter nos formations en ligne (ci-apr\u00e8s \"les Formations\"). En effectuant un achat sur notre site web, vous acceptez sans r\u00e9serve les pr\u00e9sentes CGV.<\/p><ol start=\"2\"><li><strong> Commandes et Paiement<\/strong><\/li><\/ol><p style=\"padding-left: 40px;\">2.1. <strong>Commande<\/strong>: Pour acheter une Formation, vous devez suivre le processus de commande sur notre site web et fournir toutes les informations requises. En passant commande, vous confirmez l'exactitude de toutes les informations fournies.<\/p><p style=\"padding-left: 40px;\">2.2. <strong>Prix et Paiement<\/strong>: Les prix des Formations sont indiqu\u00e9s sur notre site web. Le site utilise la solution de payement STRIPE, fonctionnant avec carte visa. Une fois le payement fait, un e-mail de confirmation vous est envoy\u00e9 et sera suivi d\u2019une facture. Les formations ne sont pas remboursables. Les Formations sont accessibles apr\u00e8s paiement int\u00e9gral et confirmation de la commande. Le prix de nos formations comprend la TVA<\/p><ol start=\"3\"><li><strong> Acc\u00e8s aux Formations<\/strong><\/li><\/ol><p style=\"padding-left: 40px;\">3.1. <strong>Acc\u00e8s<\/strong>: Une fois que vous avez achet\u00e9 une Formation, vous obtiendrez un acc\u00e8s personnel, confidentiel et non transf\u00e9rable \u00e0 celle-ci pour la p\u00e9riode indiqu\u00e9e sur notre site web. Ces vid\u00e9os ne sont visible uniquement en ligne et ne sont donc pas t\u00e9l\u00e9chargeables<\/p><p style=\"padding-left: 40px;\">3.2. <strong>Utilisation<\/strong>: Vous vous engagez \u00e0 utiliser les Formations \u00e0 des fins personnelles uniquement. Toute utilisation \u00e0 des fins commerciales ou de redistribution m\u00eame partielle est strictement interdite.<\/p><ol start=\"4\"><li><strong> Probl\u00e8me de facture<\/strong><\/li><\/ol><p style=\"padding-left: 40px;\">4.1 Vous devez nous adresser votre r\u00e9clamation par \u00e9crit : Vous avez un d\u00e9lai de 10 jours apr\u00e8s la r\u00e9ception de la facture pour nous envoyer votre r\u00e9clamation. Si vous ne nous avez pas envoy\u00e9 de r\u00e9clamation, la facture est consid\u00e9r\u00e9e comme accept\u00e9e. Nous privil\u00e9gions le dialogue pour r\u00e9soudre toute difficult\u00e9.<\/p><p style=\"padding-left: 40px;\">4.2 Les formations ne sont pas remboursables<\/p><ol start=\"5\"><li><strong> Propri\u00e9t\u00e9 Intellectuelle<\/strong><\/li><\/ol><p style=\"padding-left: 40px;\">5.1. <strong>Droits d'Auteur<\/strong>: Tous les contenus des Formations, y compris les textes, les vid\u00e9os, les images, et autres \u00e9l\u00e9ments, sont prot\u00e9g\u00e9s par les lois sur les droits d'auteur. Vous vous engagez \u00e0 ne pas copier, partager, ou redistribuer ces contenus sans autorisation \u00e9crite de notre part.<\/p><ol start=\"6\"><li><strong> Limitation de Responsabilit\u00e9<\/strong><\/li><\/ol><p style=\"padding-left: 40px;\">6.1. <strong>Contenu et Garanties<\/strong>: Nous faisons de notre mieux pour fournir des Formations de qualit\u00e9, mais nous ne garantissons pas leur exactitude ou leur exhaustivit\u00e9. Vous utilisez les Formations \u00e0 vos propres risques.<\/p><p style=\"padding-left: 40px;\">6.2. <strong>Responsabilit\u00e9<\/strong>: Notre responsabilit\u00e9 est limit\u00e9e au montant que vous avez pay\u00e9 pour la Formation. Nous ne serons en aucun cas responsables des dommages indirects, cons\u00e9cutifs ou sp\u00e9ciaux.<\/p><ol start=\"7\"><li><strong> Modification des CGV<\/strong><\/li><\/ol><p style=\"padding-left: 40px;\">Nous nous r\u00e9servons le droit de modifier ces CGV \u00e0 tout moment. Les modifications seront publi\u00e9es sur notre site web et prendront effet imm\u00e9diatement.<\/p><ol start=\"8\"><li><strong> Loi Applicable et Juridiction<\/strong><\/li><\/ol><p style=\"padding-left: 40px;\">Prenez contact avec nous et exposez-nous votre point de vue par \u00e9crit via notre formulaire de contact sur notre site. Nous privil\u00e9gions le dialogue pour r\u00e9soudre toute difficult\u00e9. Si le dialogue n'a pas pu mener \u00e0 la solution du conflit, seuls le tribunal de Marche-en-Famenne est comp\u00e9tent pour le r\u00e9soudre. Votre achat est soumis au droit belge.<\/p>","_et_gb_content_width":"","footnotes":""},"class_list":["post-1905","page","type-page","status-publish","hentry"],"yoast_head":"<!-- This site is optimized with the Yoast SEO plugin v27.6 - https:\/\/yoast.com\/product\/yoast-seo-wordpress\/ -->\n<title>GSC | Organ Impro<\/title>\n<meta name=\"robots\" content=\"index, follow, max-snippet:-1, max-image-preview:large, max-video-preview:-1\" \/>\n<link rel=\"canonical\" href=\"https:\/\/www.organ-impro.com\/en\/gsc\/\" \/>\n<meta property=\"og:locale\" content=\"en_US\" \/>\n<meta property=\"og:type\" content=\"article\" \/>\n<meta property=\"og:title\" content=\"GSC | Organ Impro\" \/>\n<meta property=\"og:description\" content=\"General Sales Conditions (GSC) for Online Training Courses Date of last update: 15\/09\/2023 Introduction These General Terms and Conditions of Sale (hereinafter referred to as &quot;GTCS&quot;) govern the contractual relationship between ORGAN-IMPRO (hereinafter referred to as &quot;we&quot; or &quot;us&quot;) and any person (hereinafter referred to as &quot;the Customer&quot; or &quot;you&quot;) wishing to purchase our online training courses (hereinafter referred to as &quot;the Courses&quot;). By making a purchase on our website, you accept these Terms and Conditions without reservation. Orders and Payment 2.1. Ordering: To purchase a Training, you must follow the order process on our website and provide all the required information. By placing an order, you confirm the accuracy of all information provided. 2.2. Price and Payment: Prices for Training courses are shown on our website. The site uses the STRIPE payment solution, which works with Visa cards. Once payment has been made, a confirmation e-mail is sent to you, followed by an invoice. Training courses are non-refundable. Training courses are available after full payment and order confirmation. The price of our training courses includes VAT. 3. Access to training courses 3.1. Access: Once you have purchased a Training course, you will be granted personal, confidential and non-transferable access [&hellip;]\" \/>\n<meta property=\"og:url\" content=\"https:\/\/www.organ-impro.com\/en\/gsc\/\" \/>\n<meta property=\"og:site_name\" content=\"Organ Impro\" \/>\n<meta property=\"article:modified_time\" content=\"2023-09-29T12:18:30+00:00\" \/>\n<meta name=\"twitter:card\" content=\"summary_large_image\" \/>\n<meta name=\"twitter:label1\" content=\"Est. reading time\" \/>\n\t<meta name=\"twitter:data1\" content=\"3 minutes\" \/>\n<script type=\"application\/ld+json\" class=\"yoast-schema-graph\">{\"@context\":\"https:\\\/\\\/schema.org\",\"@graph\":[{\"@type\":\"WebPage\",\"@id\":\"https:\\\/\\\/www.organ-impro.com\\\/en\\\/gsc\\\/\",\"url\":\"https:\\\/\\\/www.organ-impro.com\\\/en\\\/gsc\\\/\",\"name\":\"GSC | Organ Impro\",\"isPartOf\":{\"@id\":\"https:\\\/\\\/www.organ-impro.com\\\/en\\\/#website\"},\"datePublished\":\"2023-09-29T12:09:09+00:00\",\"dateModified\":\"2023-09-29T12:18:30+00:00\",\"breadcrumb\":{\"@id\":\"https:\\\/\\\/www.organ-impro.com\\\/en\\\/gsc\\\/#breadcrumb\"},\"inLanguage\":\"en-US\",\"potentialAction\":[{\"@type\":\"ReadAction\",\"target\":[\"https:\\\/\\\/www.organ-impro.com\\\/en\\\/gsc\\\/\"]}]},{\"@type\":\"BreadcrumbList\",\"@id\":\"https:\\\/\\\/www.organ-impro.com\\\/en\\\/gsc\\\/#breadcrumb\",\"itemListElement\":[{\"@type\":\"ListItem\",\"position\":1,\"name\":\"Accueil\",\"item\":\"https:\\\/\\\/www.organ-impro.com\\\/en\\\/\"},{\"@type\":\"ListItem\",\"position\":2,\"name\":\"GSC\"}]},{\"@type\":\"WebSite\",\"@id\":\"https:\\\/\\\/www.organ-impro.com\\\/en\\\/#website\",\"url\":\"https:\\\/\\\/www.organ-impro.com\\\/en\\\/\",\"name\":\"Organ Impro\",\"description\":\"\",\"potentialAction\":[{\"@type\":\"SearchAction\",\"target\":{\"@type\":\"EntryPoint\",\"urlTemplate\":\"https:\\\/\\\/www.organ-impro.com\\\/en\\\/?s={search_term_string}\"},\"query-input\":{\"@type\":\"PropertyValueSpecification\",\"valueRequired\":true,\"valueName\":\"search_term_string\"}}],\"inLanguage\":\"en-US\"}]}<\/script>\n<!-- \/ Yoast SEO plugin. -->","yoast_head_json":{"title":"GSC | Organ Impro","robots":{"index":"index","follow":"follow","max-snippet":"max-snippet:-1","max-image-preview":"max-image-preview:large","max-video-preview":"max-video-preview:-1"},"canonical":"https:\/\/www.organ-impro.com\/en\/gsc\/","og_locale":"en_US","og_type":"article","og_title":"GSC | Organ Impro","og_description":"General Sales Conditions (GSC) for Online Training Courses Date of last update: 15\/09\/2023 Introduction These General Terms and Conditions of Sale (hereinafter referred to as \"GTCS\") govern the contractual relationship between ORGAN-IMPRO (hereinafter referred to as \"we\" or \"us\") and any person (hereinafter referred to as \"the Customer\" or \"you\") wishing to purchase our online training courses (hereinafter referred to as \"the Courses\"). By making a purchase on our website, you accept these Terms and Conditions without reservation. Orders and Payment 2.1. Ordering: To purchase a Training, you must follow the order process on our website and provide all the required information. By placing an order, you confirm the accuracy of all information provided. 2.2. Price and Payment: Prices for Training courses are shown on our website. The site uses the STRIPE payment solution, which works with Visa cards. Once payment has been made, a confirmation e-mail is sent to you, followed by an invoice. Training courses are non-refundable. Training courses are available after full payment and order confirmation. The price of our training courses includes VAT. 3. Access to training courses 3.1. Access: Once you have purchased a Training course, you will be granted personal, confidential and non-transferable access [&hellip;]","og_url":"https:\/\/www.organ-impro.com\/en\/gsc\/","og_site_name":"Organ Impro","article_modified_time":"2023-09-29T12:18:30+00:00","twitter_card":"summary_large_image","twitter_misc":{"Est. reading time":"3 minutes"},"schema":{"@context":"https:\/\/schema.org","@graph":[{"@type":"WebPage","@id":"https:\/\/www.organ-impro.com\/en\/gsc\/","url":"https:\/\/www.organ-impro.com\/en\/gsc\/","name":"GSC | Organ Impro","isPartOf":{"@id":"https:\/\/www.organ-impro.com\/en\/#website"},"datePublished":"2023-09-29T12:09:09+00:00","dateModified":"2023-09-29T12:18:30+00:00","breadcrumb":{"@id":"https:\/\/www.organ-impro.com\/en\/gsc\/#breadcrumb"},"inLanguage":"en-US","potentialAction":[{"@type":"ReadAction","target":["https:\/\/www.organ-impro.com\/en\/gsc\/"]}]},{"@type":"BreadcrumbList","@id":"https:\/\/www.organ-impro.com\/en\/gsc\/#breadcrumb","itemListElement":[{"@type":"ListItem","position":1,"name":"Accueil","item":"https:\/\/www.organ-impro.com\/en\/"},{"@type":"ListItem","position":2,"name":"GSC"}]},{"@type":"WebSite","@id":"https:\/\/www.organ-impro.com\/en\/#website","url":"https:\/\/www.organ-impro.com\/en\/","name":"Organ Impro","description":"","potentialAction":[{"@type":"SearchAction","target":{"@type":"EntryPoint","urlTemplate":"https:\/\/www.organ-impro.com\/en\/?s={search_term_string}"},"query-input":{"@type":"PropertyValueSpecification","valueRequired":true,"valueName":"search_term_string"}}],"inLanguage":"en-US"}]}},"_links":{"self":[{"href":"https:\/\/www.organ-impro.com\/en\/wp-json\/wp\/v2\/pages\/1905","targetHints":{"allow":["GET"]}}],"collection":[{"href":"https:\/\/www.organ-impro.com\/en\/wp-json\/wp\/v2\/pages"}],"about":[{"href":"https:\/\/www.organ-impro.com\/en\/wp-json\/wp\/v2\/types\/page"}],"author":[{"embeddable":true,"href":"https:\/\/www.organ-impro.com\/en\/wp-json\/wp\/v2\/users\/1"}],"replies":[{"embeddable":true,"href":"https:\/\/www.organ-impro.com\/en\/wp-json\/wp\/v2\/comments?post=1905"}],"version-history":[{"count":4,"href":"https:\/\/www.organ-impro.com\/en\/wp-json\/wp\/v2\/pages\/1905\/revisions"}],"predecessor-version":[{"id":1913,"href":"https:\/\/www.organ-impro.com\/en\/wp-json\/wp\/v2\/pages\/1905\/revisions\/1913"}],"wp:attachment":[{"href":"https:\/\/www.organ-impro.com\/en\/wp-json\/wp\/v2\/media?parent=1905"}],"curies":[{"name":"wp","href":"https:\/\/api.w.org\/{rel}","templated":true}]}}